{"id":11,"date":"2024-05-17T20:37:11","date_gmt":"2024-05-17T20:37:11","guid":{"rendered":"https:\/\/estatusabogados.com\/?page_id=11"},"modified":"2025-04-29T14:06:04","modified_gmt":"2025-04-29T14:06:04","slug":"servicios","status":"publish","type":"page","link":"https:\/\/estatusabogados.com\/index.php\/servicios\/","title":{"rendered":"Servicios"},"content":{"rendered":"\t\t<div data-elementor-type=\"wp-page\" data-elementor-id=\"11\" class=\"elementor elementor-11\" data-elementor-post-type=\"page\">\n\t\t\t\t<div class=\"elementor-element elementor-element-2f5071a9 e-flex e-con-boxed e-con e-parent\" data-id=\"2f5071a9\" data-element_type=\"container\" data-settings=\"{&quot;background_background&quot;:&quot;classic&quot;}\">\n\t\t\t\t\t<div class=\"e-con-inner\">\n\t\t\t\t<div class=\"elementor-element elementor-element-9603a5 elementor-widget elementor-widget-heading\" data-id=\"9603a5\" data-element_type=\"widget\" data-widget_type=\"heading.default\">\n\t\t\t\t<div class=\"elementor-widget-container\">\n\t\t\t\t\t<h2 class=\"elementor-heading-title elementor-size-default\">Servicios<\/h2>\t\t\t\t<\/div>\n\t\t\t\t<\/div>\n\t\t\t\t\t<\/div>\n\t\t\t\t<\/div>\n\t\t<div class=\"elementor-element elementor-element-1c1d8ec3 e-flex e-con-boxed e-con e-parent\" data-id=\"1c1d8ec3\" data-element_type=\"container\">\n\t\t\t\t\t<div class=\"e-con-inner\">\n\t\t<div class=\"elementor-element elementor-element-790ef2cf e-con-full e-flex e-con e-child\" data-id=\"790ef2cf\" data-element_type=\"container\">\n\t\t\t\t<div class=\"elementor-element elementor-element-25de1255 animated-slow elementor-invisible elementor-widget elementor-widget-image\" data-id=\"25de1255\" data-element_type=\"widget\" data-settings=\"{&quot;_animation&quot;:&quot;fadeIn&quot;,&quot;_animation_delay&quot;:500}\" data-widget_type=\"image.default\">\n\t\t\t\t<div class=\"elementor-widget-container\">\n\t\t\t\t\t\t\t\t\t\t\t\t\t\t\t\t<a href=\"https:\/\/estatusabogados.com\/index.php\/servicios\/\">\n\t\t\t\t\t\t\t<img fetchpriority=\"high\" decoding=\"async\" width=\"312\" height=\"251\" src=\"https:\/\/estatusabogados.com\/wp-content\/uploads\/2024\/05\/portrait-smiling-female-lawyer-sitting-at-workplac-JL2L95D.jpg\" class=\"attachment-full size-full wp-image-104\" alt=\"\" srcset=\"https:\/\/estatusabogados.com\/wp-content\/uploads\/2024\/05\/portrait-smiling-female-lawyer-sitting-at-workplac-JL2L95D.jpg 312w, https:\/\/estatusabogados.com\/wp-content\/uploads\/2024\/05\/portrait-smiling-female-lawyer-sitting-at-workplac-JL2L95D-300x241.jpg 300w\" sizes=\"(max-width: 312px) 100vw, 312px\" \/>\t\t\t\t\t\t\t\t<\/a>\n\t\t\t\t\t\t\t\t\t\t\t\t\t\t\t<\/div>\n\t\t\t\t<\/div>\n\t\t\t\t<div class=\"elementor-element elementor-element-7f2e84c3 animated-slow elementor-align-center elementor-icon-list--layout-traditional elementor-list-item-link-full_width elementor-invisible elementor-widget elementor-widget-icon-list\" data-id=\"7f2e84c3\" data-element_type=\"widget\" data-settings=\"{&quot;_animation&quot;:&quot;fadeIn&quot;,&quot;_animation_delay&quot;:500}\" data-widget_type=\"icon-list.default\">\n\t\t\t\t<div class=\"elementor-widget-container\">\n\t\t\t\t\t\t\t<ul class=\"elementor-icon-list-items\">\n\t\t\t\t\t\t\t<li class=\"elementor-icon-list-item\">\n\t\t\t\t\t\t\t\t\t\t\t<a href=\"https:\/\/estatusabogados.com\/index.php\/servicios\/\">\n\n\t\t\t\t\t\t\t\t\t\t\t<span class=\"elementor-icon-list-text\">DEFENSA T\u00c9CNICA EN CUALQUIER AUDIENCIA PENAL<\/span>\n\t\t\t\t\t\t\t\t\t\t\t<\/a>\n\t\t\t\t\t\t\t\t\t<\/li>\n\t\t\t\t\t\t<\/ul>\n\t\t\t\t\t\t<\/div>\n\t\t\t\t<\/div>\n\t\t\t\t<\/div>\n\t\t<div class=\"elementor-element elementor-element-2ea7a493 e-con-full e-flex e-con e-child\" data-id=\"2ea7a493\" data-element_type=\"container\">\n\t\t\t\t<div class=\"elementor-element elementor-element-f38ef41 animated-slow elementor-invisible elementor-widget elementor-widget-image\" data-id=\"f38ef41\" data-element_type=\"widget\" data-settings=\"{&quot;_animation&quot;:&quot;fadeIn&quot;,&quot;_animation_delay&quot;:500}\" data-widget_type=\"image.default\">\n\t\t\t\t<div class=\"elementor-widget-container\">\n\t\t\t\t\t\t\t\t\t\t\t\t\t\t\t\t<a href=\"https:\/\/estatusabogados.com\/index.php\/servicios\/\">\n\t\t\t\t\t\t\t<img decoding=\"async\" width=\"312\" height=\"251\" src=\"https:\/\/estatusabogados.com\/wp-content\/uploads\/2024\/05\/attentive-senior-man-listening-to-his-partner-HUR5UQ2.jpg\" class=\"attachment-full size-full wp-image-107\" alt=\"\" srcset=\"https:\/\/estatusabogados.com\/wp-content\/uploads\/2024\/05\/attentive-senior-man-listening-to-his-partner-HUR5UQ2.jpg 312w, https:\/\/estatusabogados.com\/wp-content\/uploads\/2024\/05\/attentive-senior-man-listening-to-his-partner-HUR5UQ2-300x241.jpg 300w\" sizes=\"(max-width: 312px) 100vw, 312px\" \/>\t\t\t\t\t\t\t\t<\/a>\n\t\t\t\t\t\t\t\t\t\t\t\t\t\t\t<\/div>\n\t\t\t\t<\/div>\n\t\t\t\t<div class=\"elementor-element elementor-element-5e5b8aa9 animated-slow elementor-align-center elementor-icon-list--layout-traditional elementor-list-item-link-full_width elementor-invisible elementor-widget elementor-widget-icon-list\" data-id=\"5e5b8aa9\" data-element_type=\"widget\" data-settings=\"{&quot;_animation&quot;:&quot;fadeIn&quot;,&quot;_animation_delay&quot;:500}\" data-widget_type=\"icon-list.default\">\n\t\t\t\t<div class=\"elementor-widget-container\">\n\t\t\t\t\t\t\t<ul class=\"elementor-icon-list-items\">\n\t\t\t\t\t\t\t<li class=\"elementor-icon-list-item\">\n\t\t\t\t\t\t\t\t\t\t\t<a href=\"https:\/\/estatusabogados.com\/index.php\/servicios\/\">\n\n\t\t\t\t\t\t\t\t\t\t\t<span class=\"elementor-icon-list-text\">INVESTIGACI\u00d3N JUDICIAL<\/span>\n\t\t\t\t\t\t\t\t\t\t\t<\/a>\n\t\t\t\t\t\t\t\t\t<\/li>\n\t\t\t\t\t\t<\/ul>\n\t\t\t\t\t\t<\/div>\n\t\t\t\t<\/div>\n\t\t\t\t<\/div>\n\t\t<div class=\"elementor-element elementor-element-34a7b372 e-con-full e-flex e-con e-child\" data-id=\"34a7b372\" data-element_type=\"container\">\n\t\t\t\t<div class=\"elementor-element elementor-element-7ac5edf6 animated-slow elementor-invisible elementor-widget elementor-widget-image\" data-id=\"7ac5edf6\" data-element_type=\"widget\" data-settings=\"{&quot;_animation&quot;:&quot;zoomIn&quot;,&quot;_animation_delay&quot;:700}\" data-widget_type=\"image.default\">\n\t\t\t\t<div class=\"elementor-widget-container\">\n\t\t\t\t\t\t\t\t\t\t\t\t\t\t\t\t<a href=\"https:\/\/estatusabogados.com\/index.php\/servicios\/\">\n\t\t\t\t\t\t\t<img decoding=\"async\" width=\"312\" height=\"251\" src=\"https:\/\/estatusabogados.com\/wp-content\/uploads\/2024\/05\/businessman-NYV43HR.jpg\" class=\"attachment-full size-full wp-image-110\" alt=\"\" srcset=\"https:\/\/estatusabogados.com\/wp-content\/uploads\/2024\/05\/businessman-NYV43HR.jpg 312w, https:\/\/estatusabogados.com\/wp-content\/uploads\/2024\/05\/businessman-NYV43HR-300x241.jpg 300w\" sizes=\"(max-width: 312px) 100vw, 312px\" \/>\t\t\t\t\t\t\t\t<\/a>\n\t\t\t\t\t\t\t\t\t\t\t\t\t\t\t<\/div>\n\t\t\t\t<\/div>\n\t\t\t\t<div class=\"elementor-element elementor-element-5d330727 animated-slow elementor-align-center elementor-icon-list--layout-traditional elementor-list-item-link-full_width elementor-invisible elementor-widget elementor-widget-icon-list\" data-id=\"5d330727\" data-element_type=\"widget\" data-settings=\"{&quot;_animation&quot;:&quot;fadeIn&quot;,&quot;_animation_delay&quot;:500}\" data-widget_type=\"icon-list.default\">\n\t\t\t\t<div class=\"elementor-widget-container\">\n\t\t\t\t\t\t\t<ul class=\"elementor-icon-list-items\">\n\t\t\t\t\t\t\t<li class=\"elementor-icon-list-item\">\n\t\t\t\t\t\t\t\t\t\t\t<a href=\"#\">\n\n\t\t\t\t\t\t\t\t\t\t\t<span class=\"elementor-icon-list-text\">PERITAJES  PROFESIONALES<\/span>\n\t\t\t\t\t\t\t\t\t\t\t<\/a>\n\t\t\t\t\t\t\t\t\t<\/li>\n\t\t\t\t\t\t<\/ul>\n\t\t\t\t\t\t<\/div>\n\t\t\t\t<\/div>\n\t\t\t\t<\/div>\n\t\t<div class=\"elementor-element elementor-element-74f2b950 e-con-full e-flex e-con e-child\" data-id=\"74f2b950\" data-element_type=\"container\">\n\t\t\t\t<div class=\"elementor-element elementor-element-b7727d0 animated-slow elementor-invisible elementor-widget elementor-widget-image\" data-id=\"b7727d0\" data-element_type=\"widget\" data-settings=\"{&quot;_animation&quot;:&quot;zoomIn&quot;,&quot;_animation_delay&quot;:800}\" data-widget_type=\"image.default\">\n\t\t\t\t<div class=\"elementor-widget-container\">\n\t\t\t\t\t\t\t\t\t\t\t\t\t\t\t\t<a href=\"https:\/\/estatusabogados.com\/index.php\/servicios\/\">\n\t\t\t\t\t\t\t<img loading=\"lazy\" decoding=\"async\" width=\"312\" height=\"251\" src=\"https:\/\/estatusabogados.com\/wp-content\/uploads\/2024\/05\/practice-4.jpg\" class=\"attachment-full size-full wp-image-115\" alt=\"\" srcset=\"https:\/\/estatusabogados.com\/wp-content\/uploads\/2024\/05\/practice-4.jpg 312w, https:\/\/estatusabogados.com\/wp-content\/uploads\/2024\/05\/practice-4-300x241.jpg 300w\" sizes=\"(max-width: 312px) 100vw, 312px\" \/>\t\t\t\t\t\t\t\t<\/a>\n\t\t\t\t\t\t\t\t\t\t\t\t\t\t\t<\/div>\n\t\t\t\t<\/div>\n\t\t\t\t<div class=\"elementor-element elementor-element-fe5a886 animated-slow elementor-align-center elementor-icon-list--layout-traditional elementor-list-item-link-full_width elementor-invisible elementor-widget elementor-widget-icon-list\" data-id=\"fe5a886\" data-element_type=\"widget\" data-settings=\"{&quot;_animation&quot;:&quot;fadeIn&quot;,&quot;_animation_delay&quot;:500}\" data-widget_type=\"icon-list.default\">\n\t\t\t\t<div class=\"elementor-widget-container\">\n\t\t\t\t\t\t\t<ul class=\"elementor-icon-list-items\">\n\t\t\t\t\t\t\t<li class=\"elementor-icon-list-item\">\n\t\t\t\t\t\t\t\t\t\t\t<a href=\"https:\/\/estatusabogados.com\/index.php\/servicios\/\">\n\n\t\t\t\t\t\t\t\t\t\t\t<span class=\"elementor-icon-list-text\">ASESOR\u00cdA<\/span>\n\t\t\t\t\t\t\t\t\t\t\t<\/a>\n\t\t\t\t\t\t\t\t\t<\/li>\n\t\t\t\t\t\t<\/ul>\n\t\t\t\t\t\t<\/div>\n\t\t\t\t<\/div>\n\t\t\t\t<\/div>\n\t\t<div class=\"elementor-element elementor-element-775927c2 e-con-full e-flex e-con e-child\" data-id=\"775927c2\" data-element_type=\"container\">\n\t\t\t\t<div class=\"elementor-element elementor-element-1371f3de animated-slow elementor-invisible elementor-widget elementor-widget-image\" data-id=\"1371f3de\" data-element_type=\"widget\" data-settings=\"{&quot;_animation&quot;:&quot;zoomIn&quot;,&quot;_animation_delay&quot;:900}\" data-widget_type=\"image.default\">\n\t\t\t\t<div class=\"elementor-widget-container\">\n\t\t\t\t\t\t\t\t\t\t\t\t\t\t\t\t<a href=\"https:\/\/estatusabogados.com\/index.php\/servicios\/\">\n\t\t\t\t\t\t\t<img loading=\"lazy\" decoding=\"async\" width=\"312\" height=\"251\" src=\"https:\/\/estatusabogados.com\/wp-content\/uploads\/2024\/05\/handsome-lawyer-smiling-at-camera-while-giving-cli-XECG6DM.jpg\" class=\"attachment-full size-full wp-image-124\" alt=\"\" srcset=\"https:\/\/estatusabogados.com\/wp-content\/uploads\/2024\/05\/handsome-lawyer-smiling-at-camera-while-giving-cli-XECG6DM.jpg 312w, https:\/\/estatusabogados.com\/wp-content\/uploads\/2024\/05\/handsome-lawyer-smiling-at-camera-while-giving-cli-XECG6DM-300x241.jpg 300w\" sizes=\"(max-width: 312px) 100vw, 312px\" \/>\t\t\t\t\t\t\t\t<\/a>\n\t\t\t\t\t\t\t\t\t\t\t\t\t\t\t<\/div>\n\t\t\t\t<\/div>\n\t\t\t\t<div class=\"elementor-element elementor-element-326403e6 animated-slow elementor-align-center elementor-icon-list--layout-traditional elementor-list-item-link-full_width elementor-invisible elementor-widget elementor-widget-icon-list\" data-id=\"326403e6\" data-element_type=\"widget\" data-settings=\"{&quot;_animation&quot;:&quot;fadeIn&quot;,&quot;_animation_delay&quot;:500}\" data-widget_type=\"icon-list.default\">\n\t\t\t\t<div class=\"elementor-widget-container\">\n\t\t\t\t\t\t\t<ul class=\"elementor-icon-list-items\">\n\t\t\t\t\t\t\t<li class=\"elementor-icon-list-item\">\n\t\t\t\t\t\t\t\t\t\t\t<a href=\"https:\/\/estatusabogados.com\/index.php\/servicios\/\">\n\n\t\t\t\t\t\t\t\t\t\t\t<span class=\"elementor-icon-list-text\">ASISTENCIA PROCESAL Y JUR\u00cdDICA EN OFICINAS DE CONTROL INTERNO Y ANTE CONTRALORIA<\/span>\n\t\t\t\t\t\t\t\t\t\t\t<\/a>\n\t\t\t\t\t\t\t\t\t<\/li>\n\t\t\t\t\t\t<\/ul>\n\t\t\t\t\t\t<\/div>\n\t\t\t\t<\/div>\n\t\t\t\t<\/div>\n\t\t<div class=\"elementor-element elementor-element-5c14065a e-con-full e-flex e-con e-child\" data-id=\"5c14065a\" data-element_type=\"container\">\n\t\t\t\t<div class=\"elementor-element elementor-element-39517edb animated-slow elementor-invisible elementor-widget elementor-widget-image\" data-id=\"39517edb\" data-element_type=\"widget\" data-settings=\"{&quot;_animation&quot;:&quot;zoomIn&quot;,&quot;_animation_delay&quot;:1000}\" data-widget_type=\"image.default\">\n\t\t\t\t<div class=\"elementor-widget-container\">\n\t\t\t\t\t\t\t\t\t\t\t\t\t\t\t\t<a href=\"https:\/\/estatusabogados.com\/index.php\/servicios\/\">\n\t\t\t\t\t\t\t<img loading=\"lazy\" decoding=\"async\" width=\"312\" height=\"251\" src=\"https:\/\/estatusabogados.com\/wp-content\/uploads\/2024\/05\/close-up-of-two-gold-wedding-rings-for-a-wedding-MZ2W9CL.jpg\" class=\"attachment-full size-full wp-image-138\" alt=\"\" srcset=\"https:\/\/estatusabogados.com\/wp-content\/uploads\/2024\/05\/close-up-of-two-gold-wedding-rings-for-a-wedding-MZ2W9CL.jpg 312w, https:\/\/estatusabogados.com\/wp-content\/uploads\/2024\/05\/close-up-of-two-gold-wedding-rings-for-a-wedding-MZ2W9CL-300x241.jpg 300w\" sizes=\"(max-width: 312px) 100vw, 312px\" \/>\t\t\t\t\t\t\t\t<\/a>\n\t\t\t\t\t\t\t\t\t\t\t\t\t\t\t<\/div>\n\t\t\t\t<\/div>\n\t\t\t\t<div class=\"elementor-element elementor-element-9d79fbc animated-slow elementor-align-center elementor-icon-list--layout-traditional elementor-list-item-link-full_width elementor-invisible elementor-widget elementor-widget-icon-list\" data-id=\"9d79fbc\" data-element_type=\"widget\" data-settings=\"{&quot;_animation&quot;:&quot;fadeIn&quot;,&quot;_animation_delay&quot;:500}\" data-widget_type=\"icon-list.default\">\n\t\t\t\t<div class=\"elementor-widget-container\">\n\t\t\t\t\t\t\t<ul class=\"elementor-icon-list-items\">\n\t\t\t\t\t\t\t<li class=\"elementor-icon-list-item\">\n\t\t\t\t\t\t\t\t\t\t\t<a href=\"https:\/\/estatusabogados.com\/index.php\/servicios\/\">\n\n\t\t\t\t\t\t\t\t\t\t\t<span class=\"elementor-icon-list-text\">Divorcios<\/span>\n\t\t\t\t\t\t\t\t\t\t\t<\/a>\n\t\t\t\t\t\t\t\t\t<\/li>\n\t\t\t\t\t\t<\/ul>\n\t\t\t\t\t\t<\/div>\n\t\t\t\t<\/div>\n\t\t\t\t<\/div>\n\t\t<div class=\"elementor-element elementor-element-3182c786 e-con-full e-flex e-con e-child\" data-id=\"3182c786\" data-element_type=\"container\">\n\t\t\t\t<div class=\"elementor-element elementor-element-6a04796d animated-slow elementor-invisible elementor-widget elementor-widget-image\" data-id=\"6a04796d\" data-element_type=\"widget\" data-settings=\"{&quot;_animation&quot;:&quot;zoomIn&quot;,&quot;_animation_delay&quot;:1100}\" data-widget_type=\"image.default\">\n\t\t\t\t<div class=\"elementor-widget-container\">\n\t\t\t\t\t\t\t\t\t\t\t\t\t\t\t\t<a href=\"https:\/\/estatusabogados.com\/index.php\/servicios\/\">\n\t\t\t\t\t\t\t<img loading=\"lazy\" decoding=\"async\" width=\"312\" height=\"251\" src=\"https:\/\/estatusabogados.com\/wp-content\/uploads\/2024\/05\/real-estate-concept-businesswoman-holding-a-house-L5LGMDP.jpg\" class=\"attachment-full size-full wp-image-117\" alt=\"\" srcset=\"https:\/\/estatusabogados.com\/wp-content\/uploads\/2024\/05\/real-estate-concept-businesswoman-holding-a-house-L5LGMDP.jpg 312w, https:\/\/estatusabogados.com\/wp-content\/uploads\/2024\/05\/real-estate-concept-businesswoman-holding-a-house-L5LGMDP-300x241.jpg 300w\" sizes=\"(max-width: 312px) 100vw, 312px\" \/>\t\t\t\t\t\t\t\t<\/a>\n\t\t\t\t\t\t\t\t\t\t\t\t\t\t\t<\/div>\n\t\t\t\t<\/div>\n\t\t\t\t<div class=\"elementor-element elementor-element-2c5711b7 animated-slow elementor-align-center elementor-icon-list--layout-traditional elementor-list-item-link-full_width elementor-invisible elementor-widget elementor-widget-icon-list\" data-id=\"2c5711b7\" data-element_type=\"widget\" data-settings=\"{&quot;_animation&quot;:&quot;fadeIn&quot;,&quot;_animation_delay&quot;:500}\" data-widget_type=\"icon-list.default\">\n\t\t\t\t<div class=\"elementor-widget-container\">\n\t\t\t\t\t\t\t<ul class=\"elementor-icon-list-items\">\n\t\t\t\t\t\t\t<li class=\"elementor-icon-list-item\">\n\t\t\t\t\t\t\t\t\t\t\t<a href=\"https:\/\/estatusabogados.com\/index.php\/servicios\/\">\n\n\t\t\t\t\t\t\t\t\t\t\t<span class=\"elementor-icon-list-text\">sucesi\u00f3nes<\/span>\n\t\t\t\t\t\t\t\t\t\t\t<\/a>\n\t\t\t\t\t\t\t\t\t<\/li>\n\t\t\t\t\t\t<\/ul>\n\t\t\t\t\t\t<\/div>\n\t\t\t\t<\/div>\n\t\t\t\t<\/div>\n\t\t\t\t\t<\/div>\n\t\t\t\t<\/div>\n\t\t\t\t<\/div>\n\t\t","protected":false},"excerpt":{"rendered":"<p>Servicios DEFENSA T\u00c9CNICA EN CUALQUIER AUDIENCIA PENAL INVESTIGACI\u00d3N JUDICIAL PERITAJES PROFESIONALES ASESOR\u00cdA ASISTENCIA PROCESAL Y JUR\u00cdDICA EN OFICINAS DE CONTROL [&hellip;]<\/p>\n","protected":false},"author":1,"featured_media":0,"parent":0,"menu_order":0,"comment_status":"closed","ping_status":"closed","template":"","meta":{"site-sidebar-layout":"no-sidebar","site-content-layout":"","ast-site-content-layout":"full-width-container","site-content-style":"default","site-sidebar-style":"default","ast-global-header-display":"","ast-banner-title-visibility":"","ast-main-header-display":"","ast-hfb-above-header-display":"","ast-hfb-below-header-display":"","ast-hfb-mobile-header-display":"","site-post-title":"disabled","ast-breadcrumbs-content":"","ast-featured-img":"disabled","footer-sml-layout":"","theme-transparent-header-meta":"","adv-header-id-meta":"","stick-header-meta":"","header-above-stick-meta":"","header-main-stick-meta":"","header-below-stick-meta":"","astra-migrate-meta-layouts":"default","ast-page-background-enabled":"default","ast-page-background-meta":{"desktop":{"background-color":"var(--ast-global-color-4)","background-image":"","background-repeat":"repeat","background-position":"center center","background-size":"auto","background-attachment":"scroll","background-type":"","background-media":"","overlay-type":"","overlay-color":"","overlay-gradient":""},"tablet":{"background-color":"","background-image":"","background-repeat":"repeat","background-position":"center center","background-size":"auto","background-attachment":"scroll","background-type":"","background-media":"","overlay-type":"","overlay-color":"","overlay-gradient":""},"mobile":{"background-color":"","background-image":"","background-repeat":"repeat","background-position":"center center","background-size":"auto","background-attachment":"scroll","background-type":"","background-media":"","overlay-type":"","overlay-color":"","overlay-gradient":""}},"ast-content-background-meta":{"desktop":{"background-color":"var(--ast-global-color-5)","background-image":"","background-repeat":"repeat","background-position":"center center","background-size":"auto","background-attachment":"scroll","background-type":"","background-media":"","overlay-type":"","overlay-color":"","overlay-gradient":""},"tablet":{"background-color":"var(--ast-global-color-5)","background-image":"","background-repeat":"repeat","background-position":"center center","background-size":"auto","background-attachment":"scroll","background-type":"","background-media":"","overlay-type":"","overlay-color":"","overlay-gradient":""},"mobile":{"background-color":"var(--ast-global-color-5)","background-image":"","background-repeat":"repeat","background-position":"center center","background-size":"auto","background-attachment":"scroll","background-type":"","background-media":"","overlay-type":"","overlay-color":"","overlay-gradient":""}},"_joinchat":[],"footnotes":""},"class_list":["post-11","page","type-page","status-publish","hentry"],"_links":{"self":[{"href":"https:\/\/estatusabogados.com\/index.php\/wp-json\/wp\/v2\/pages\/11","targetHints":{"allow":["GET"]}}],"collection":[{"href":"https:\/\/estatusabogados.com\/index.php\/wp-json\/wp\/v2\/pages"}],"about":[{"href":"https:\/\/estatusabogados.com\/index.php\/wp-json\/wp\/v2\/types\/page"}],"author":[{"embeddable":true,"href":"https:\/\/estatusabogados.com\/index.php\/wp-json\/wp\/v2\/users\/1"}],"replies":[{"embeddable":true,"href":"https:\/\/estatusabogados.com\/index.php\/wp-json\/wp\/v2\/comments?post=11"}],"version-history":[{"count":16,"href":"https:\/\/estatusabogados.com\/index.php\/wp-json\/wp\/v2\/pages\/11\/revisions"}],"predecessor-version":[{"id":393,"href":"https:\/\/estatusabogados.com\/index.php\/wp-json\/wp\/v2\/pages\/11\/revisions\/393"}],"wp:attachment":[{"href":"https:\/\/estatusabogados.com\/index.php\/wp-json\/wp\/v2\/media?parent=11"}],"curies":[{"name":"wp","href":"https:\/\/api.w.org\/{rel}","templated":true}]}}